{"id":136,"date":"2018-02-10T13:17:36","date_gmt":"2018-02-10T12:17:36","guid":{"rendered":"http:\/\/toulousegreeters.org\/mesmerize\/"},"modified":"2025-03-01T18:52:34","modified_gmt":"2025-03-01T17:52:34","slug":"mesmerize","status":"publish","type":"page","link":"https:\/\/toulousegreeters.fr\/en\/","title":{"rendered":"Front Page"},"content":{"rendered":"<div  id=\"overlappable-4\" style=\"background-color: #ffffff;\" data-label=\"Overlappable\" data-id=\"overlappable-4\" data-export-id=\"overlappable-4\" data-category=\"overlappable\" class=\"overlappable-4 content-section content-section-spacing\" data-overlap=\"true\">\n<div  class=\"gridContainer\">\n<div  data-type=\"row\" class=\"row spaced-cols text-center\">\n<div  class=\"col-xs-12 col-sm-4 col-padding\"> <i  class=\"fa icon shadow-large-black aligncenter color1 fa-street-view reverse round large\"> <\/i> <\/p>\n<div  data-type=\"column\" class=\"\">\n<h5  class=\"\">MY VISIT<br ><br \/>\n<\/h5>\n<p  class=\"\">Hors des sentiers battus de Toulouse, un Greeter te fera d\u00e9couvrir \u00ab&nbsp;sa&nbsp;\u00bb ville, ce qu\u2019il y aime\n<\/p>\n<\/div>\n<\/div>\n<div  class=\"col-xs-12 col-sm-4 col-padding\"> <i  class=\"fa icon shadow-large-black aligncenter color1 fa-group reverse round large\"> <\/i> <\/p>\n<div  data-type=\"column\" class=\"\">\n<h5  class=\"\">I WANT TO JOIN<\/h5>\n<p  class=\"\">Are you living in Toulouse, and want to show your own favorite parts ? Join us !<\/p>\n<\/div>\n<\/div>\n<div  class=\"col-xs-12 col-sm-4 col-padding\"> <i  class=\"fa icon shadow-large-black aligncenter color1 fa-pencil-square-o reverse round large\"> <\/i> <\/p>\n<div  data-type=\"column\" class=\"\">\n<h5  class=\"\">I VISITED<\/h5>\n<p  class=\"\">Raconte ton exp\u00e9rience avec ton Greeter, lis les r\u00e9cits de balade pr\u00e9c\u00e9dents\n<\/p>\n<\/div>\n<\/div>\n<\/div>\n<\/div>\n<\/div>\n<div  id=\"latest-news-1\" style=\"background-color: #f5fafd;\" data-label=\"Latest-news\" data-id=\"blog-section\" data-export-id=\"blog-section\" data-category=\"latest_news\" class=\"blog-section content-section content-section-spacing\">\n<div  class=\"gridContainer\">\n<div  class=\"row\">\n<div  data-type=\"column\" class=\"section-title-col\">\n<h2  class=\"\">Our info<\/h2>\n<p  class=\"lead\">\n<\/div>\n<\/div>\n<div  class=\"row\">\n<div  data-type=\"row\" data-dynamic-columns=\"handled\" data-content-shortcode=\"mesmerize_latest_news\">\t\t<div class=\"row center-sm content-left-sm\">\n\t\t\t\t\t<div id=\"post-1110\" class=\"col-sm-6 col-md-4 space-bottom space-bottom-xs\">\n\t\t\t\t<div class=\"post-content card y-move bordered\">\n\t\t\t\t\t<div class=\"post-thumbnail\">\n   <a href=\"https:\/\/toulousegreeters.fr\/en\/2024\/10\/bronzer-en-ville-a-travers-les-sculptures-les-greeters-en-balade\/\" class=\"post-list-item-thumb\">\n      \n            <svg class=\"mesmerize-post-list-item-thumb-placeholder\" width=\"890\" height=\"580\" viewbox=\"0 0 890 580\"\n         preserveaspectratio=\"none\">\n         <rect width=\"890\" height=\"580\" style=\"fill:#FF9800;\"><\/rect>\n      <\/svg>\n               <\/a>\n<\/div>\n\t\t\t\t\t<div class=\"col-padding col-padding-xs\">\n\t\t\t\t\t\t<h3 class=\"post-title space-bottom-small\">\n\t\t\t\t\t\t\t<a href=\"https:\/\/toulousegreeters.fr\/en\/2024\/10\/bronzer-en-ville-a-travers-les-sculptures-les-greeters-en-balade\/\" rel=\"bookmark\">\n\t\t\t\t\t\t\t\tBronzer en ville, \u00e0 travers les sculptures : les Greeters en balade\t\t\t\t\t\t\t<\/a>\n\t\t\t\t\t\t<\/h3>\n\t\t\t\t\t\t<p>Quand les Greeters sont greet\u00e9s par un artiste : voil\u00e0 l&rsquo;id\u00e9e derri\u00e8re cette balade men\u00e9e par le sculpteur S\u00e9bastien Langlo\u00ffs \u00e0 travers Toulouse, tenue au cours de l&rsquo;ann\u00e9e 2024. Les[&hellip;]<\/p>\n\t\t\t\t\t\t<a class=\"read-more link\" href=\"https:\/\/toulousegreeters.fr\/en\/2024\/10\/bronzer-en-ville-a-travers-les-sculptures-les-greeters-en-balade\/\">\n\t\t\t\t\t\t\tRead more\t\t\t\t\t\t<\/a>\n\t\t\t\t\t<\/div>\n\t\t\t\t<\/div>\n\t\t\t<\/div>\n\t\t\t\t\t\t<div id=\"post-784\" class=\"col-sm-6 col-md-4 space-bottom space-bottom-xs\">\n\t\t\t\t<div class=\"post-content card y-move bordered\">\n\t\t\t\t\t<div class=\"post-thumbnail\">\n   <a href=\"https:\/\/toulousegreeters.fr\/en\/2023\/07\/decouvrir-toulouse-pendant-la-coupe-du-monde-de-rugby-avec-des-greeters-toulousains\/\" class=\"post-list-item-thumb\">\n      <img width=\"1024\" height=\"683\" src=\"https:\/\/toulousegreeters.fr\/wp-content\/uploads\/2023\/06\/24072020-Deambulations_8079-1024x683.jpg\" class=\"attachment-post-thumbnail size-post-thumbnail wp-post-image\" alt=\"Visiter Toulouse avec un Greeter\" loading=\"lazy\" srcset=\"https:\/\/toulousegreeters.fr\/wp-content\/uploads\/2023\/06\/24072020-Deambulations_8079-1024x683.jpg 1024w, https:\/\/toulousegreeters.fr\/wp-content\/uploads\/2023\/06\/24072020-Deambulations_8079-300x200.jpg 300w, https:\/\/toulousegreeters.fr\/wp-content\/uploads\/2023\/06\/24072020-Deambulations_8079-768x512.jpg 768w, https:\/\/toulousegreeters.fr\/wp-content\/uploads\/2023\/06\/24072020-Deambulations_8079-1536x1024.jpg 1536w, https:\/\/toulousegreeters.fr\/wp-content\/uploads\/2023\/06\/24072020-Deambulations_8079-2048x1365.jpg 2048w, https:\/\/toulousegreeters.fr\/wp-content\/uploads\/2023\/06\/24072020-Deambulations_8079-16x12.jpg 16w, https:\/\/toulousegreeters.fr\/wp-content\/uploads\/2023\/06\/24072020-Deambulations_8079-1620x1080.jpg 1620w\" sizes=\"(max-width: 1024px) 100vw, 1024px\" \/>   <\/a>\n<\/div>\n\t\t\t\t\t<div class=\"col-padding col-padding-xs\">\n\t\t\t\t\t\t<h3 class=\"post-title space-bottom-small\">\n\t\t\t\t\t\t\t<a href=\"https:\/\/toulousegreeters.fr\/en\/2023\/07\/decouvrir-toulouse-pendant-la-coupe-du-monde-de-rugby-avec-des-greeters-toulousains\/\" rel=\"bookmark\">\n\t\t\t\t\t\t\t\tD\u00e9couvrir Toulouse pendant la coupe du monde de Rugby avec des greeters toulousains\t\t\t\t\t\t\t<\/a>\n\t\t\t\t\t\t<\/h3>\n\t\t\t\t\t\t<p>Plus que 2 mois avant le coup d&rsquo;envoi de la Coupe du monde de Rugby qui a lieu en France cette ann\u00e9e ! Vous le savez, Toulouse est la capitale[&hellip;]<\/p>\n\t\t\t\t\t\t<a class=\"read-more link\" href=\"https:\/\/toulousegreeters.fr\/en\/2023\/07\/decouvrir-toulouse-pendant-la-coupe-du-monde-de-rugby-avec-des-greeters-toulousains\/\">\n\t\t\t\t\t\t\tRead more\t\t\t\t\t\t<\/a>\n\t\t\t\t\t<\/div>\n\t\t\t\t<\/div>\n\t\t\t<\/div>\n\t\t\t\t\t\t<div id=\"post-696\" class=\"col-sm-6 col-md-4 space-bottom space-bottom-xs\">\n\t\t\t\t<div class=\"post-content card y-move bordered\">\n\t\t\t\t\t<div class=\"post-thumbnail\">\n   <a href=\"https:\/\/toulousegreeters.fr\/en\/2022\/03\/ombres-blanches-accueille-les-greeters\/\" class=\"post-list-item-thumb\">\n      \n            <svg class=\"mesmerize-post-list-item-thumb-placeholder\" width=\"890\" height=\"580\" viewbox=\"0 0 890 580\"\n         preserveaspectratio=\"none\">\n         <rect width=\"890\" height=\"580\" style=\"fill:#FF9800;\"><\/rect>\n      <\/svg>\n               <\/a>\n<\/div>\n\t\t\t\t\t<div class=\"col-padding col-padding-xs\">\n\t\t\t\t\t\t<h3 class=\"post-title space-bottom-small\">\n\t\t\t\t\t\t\t<a href=\"https:\/\/toulousegreeters.fr\/en\/2022\/03\/ombres-blanches-accueille-les-greeters\/\" rel=\"bookmark\">\n\t\t\t\t\t\t\t\tOmbres Blanches accueille les Greeters\t\t\t\t\t\t\t<\/a>\n\t\t\t\t\t\t<\/h3>\n\t\t\t\t\t\t<p>Le samedi 26 mars 2022 nous avons pr\u00e9sent\u00e9 notre association \u00e0 Ombres Blanches C&rsquo;est devenu une coutume, une fois par an l&rsquo;association Toulouse Greeters prend rendez-vous avec celles et ceux[&hellip;]<\/p>\n\t\t\t\t\t\t<a class=\"read-more link\" href=\"https:\/\/toulousegreeters.fr\/en\/2022\/03\/ombres-blanches-accueille-les-greeters\/\">\n\t\t\t\t\t\t\tRead more\t\t\t\t\t\t<\/a>\n\t\t\t\t\t<\/div>\n\t\t\t\t<\/div>\n\t\t\t<\/div>\n\t\t\t\t<\/div>\n\t<\/div>\n<\/div>\n<div  class=\"row\">\n<div  class=\"text-center\"> <a class=\"button color1\" data-attr-shortcode=\"href:mesmerize_blog_link\" href=\"https:\/\/toulousegreeters.fr\/en\/blog-decouvrir-toulouse-avec-un-toulousain-greeter\/\" target=\"_self\" rel=\"noopener noreferrer\">Read all articles<\/a> <\/div>\n<\/div>\n<\/div>\n<\/div>\n<div  data-label=\"Instagram\" data-id=\"content-12\" data-export-id=\"content-12\" data-category=\"content\" class=\"content-12 content-section content-section-spacing\" id=\"instagram\" style=\"background-color: rgb(255, 255, 255);\">\n<div  class=\"gridContainer\">\n<div  class=\"row text-center\">\n<div  class=\"section-title-col\" data-type=\"column\">\n<h2  class=\"\">Instagreet<\/h2>\n<p  class=\"lead\">Our photos from Toulouse, a pictorial visit !<\/p>\n<\/div>\n<\/div>\n<div  class=\"row center-xs middle-xs\">\n<div  class=\"col-sm-9\" data-type=\"column\">\n<\/div>\n<\/div>\n<\/div>\n<\/div>\n<div  id=\"testimonials-5\" style=\"background-color: #ffffff;\" data-label=\"Testimonials\" data-id=\"testimonials-5\" data-export-id=\"testimonials-5\" data-category=\"testimonials\" class=\"testimonials-5 content-section content-section-spacing\">\n<div  class=\"gridContainer\">\n<div  class=\"row\">\n<div  data-type=\"column\" class=\"section-title-col\">\n<h2  class=\"\">Visitors tell about us<\/h2>\n<p  class=\"lead\">After a greet, our one-day residents tell about their experience :<\/p>\n<\/div>\n<\/div>\n<div  class=\"row spaced-cols content-center-sm\" data-type=\"row\">\n<div  class=\"col-sm-4\">\n<div  class=\"card y-move bordered\" data-type=\"column\"> <i  class=\"fa fa-quote-right icon color1 small\"><\/i> <\/p>\n<p  class=\"text-center\">It was my first visit alone in a foreign country, and it was a great success thanks to my greeter Roland.<br >He knows Toulouse in and out, and transmits this knowledge with heartfelt spirit.<\/p>\n<p>My decision is made : after retirement, I will become a Greeter !<\/p>\n<h6  class=\"\">Regina<br \/>\n<img  draggable=\"false\" class=\"emoji\" alt=\"\ud83c\udde9\ud83c\uddea\" src=\"https:\/\/s.w.org\/images\/core\/emoji\/2.3\/svg\/1f1e9-1f1ea.svg\"><\/h6>\n<\/div>\n<\/div>\n<div  class=\"col-sm-4\">\n<div  class=\"card y-move bordered\" data-type=\"column\"> <i  class=\"fa fa-quote-right icon color1 small\"><\/i> <\/p>\n<p  class=\"text-center\">Everything came along great ; we spent a great afternoon with our greeter, who showed us Toulouse from a great angle !<\/p>\n<h6  class=\"\">Jean-Luc <img  draggable=\"false\" class=\"emoji\" alt=\"\ud83c\uddeb\ud83c\uddf7\" src=\"https:\/\/s.w.org\/images\/core\/emoji\/2.3\/svg\/1f1eb-1f1f7.svg\"><\/h6>\n<\/div>\n<\/div>\n<div  class=\"col-sm-4\">\n<div  class=\"card y-move bordered\" data-type=\"column\"> <i  class=\"fa fa-quote-right icon color1 small\"><\/i> <\/p>\n<p  class=\"text-center\">We greatly appreciated our greeter's availability, his will to tell us about his knowledge and passion about Toulouse. This concept deserves to be known !<\/p>\n<h6  class=\"\">S.B. <img  draggable=\"false\" class=\"emoji\" alt=\"\ud83c\uddeb\ud83c\uddf7\" src=\"https:\/\/s.w.org\/images\/core\/emoji\/2.3\/svg\/1f1eb-1f1f7.svg\"><\/h6>\n<\/div>\n<\/div>\n<\/div>\n<\/div>\n<\/div>\n<div  id=\"contact-1\" data-label=\"Contact\" data-id=\"contact-1\" data-export-id=\"contact-1\" data-category=\"contact\" class=\"contact-1 content-section content-section-spacing white-text\" data-parallax-depth=\"20\">\n<div  class=\"gridContainer\">\n<div  class=\"row text-center\">\n<div  class=\"section-title-col\" data-type=\"column\">\n<h2  class=\"\"> Contact <\/h2>\n<p  class=\"lead\">For any greet request, please use the link below. In any other case, please use this contact form.<\/p>\n<\/div>\n<\/div>\n<div  class=\"row text-center\">\n<div  class=\"col-xs-12 col-sm-8 col-sm-offset-2 contact-form-wrapper inline-info\">\n<div  class=\"card large-padding\">\n<div  class=\"\" data-content-shortcode=\"mesmerize_contact_form shortcode=&quot;contact-form-7 id=&amp;amp;quot;40&amp;amp;quot; title=&amp;amp;quot;Formulaire de contact 1&amp;amp;quot;&quot;\" data-editable=\"true\"><div role=\"form\" class=\"wpcf7\" id=\"wpcf7-f40-o1\" lang=\"fr-FR\" dir=\"ltr\">\n<div class=\"screen-reader-response\"><p role=\"status\" aria-live=\"polite\" aria-atomic=\"true\"><\/p> <ul><\/ul><\/div>\n<form action=\"\/en\/wp-json\/wp\/v2\/pages\/136#wpcf7-f40-o1\" method=\"post\" class=\"wpcf7-form init\" novalidate=\"novalidate\" data-status=\"init\" data-trp-original-action=\"\/en\/wp-json\/wp\/v2\/pages\/136#wpcf7-f40-o1\">\n<div style=\"display: none;\">\n<input type=\"hidden\" name=\"_wpcf7\" value=\"40\" \/>\n<input type=\"hidden\" name=\"_wpcf7_version\" value=\"5.5.3\" \/>\n<input type=\"hidden\" name=\"_wpcf7_locale\" value=\"fr_FR\" \/>\n<input type=\"hidden\" name=\"_wpcf7_unit_tag\" value=\"wpcf7-f40-o1\" \/>\n<input type=\"hidden\" name=\"_wpcf7_container_post\" value=\"0\" \/>\n<input type=\"hidden\" name=\"_wpcf7_posted_data_hash\" value=\"\" \/>\n<input type=\"hidden\" name=\"_wpcf7_recaptcha_response\" value=\"\" \/>\n<\/div>\n<p><label> Name (mandatory)<br \/>\n    <span class=\"wpcf7-form-control-wrap your-name\"><input type=\"text\" name=\"your-name\" value=\"\" size=\"40\" class=\"wpcf7-form-control wpcf7-text wpcf7-validates-as-required\" aria-required=\"true\" aria-invalid=\"false\" \/><\/span> <\/label><\/p>\n<p><label> Email address (mandatory)<br \/>\n    <span class=\"wpcf7-form-control-wrap your-email\"><input type=\"email\" name=\"your-email\" value=\"\" size=\"40\" class=\"wpcf7-form-control wpcf7-text wpcf7-email wpcf7-validates-as-required wpcf7-validates-as-email\" aria-required=\"true\" aria-invalid=\"false\" \/><\/span> <\/label><\/p>\n<p><label> Subject<br \/>\n    <span class=\"wpcf7-form-control-wrap your-subject\"><input type=\"text\" name=\"your-subject\" value=\"\" size=\"40\" class=\"wpcf7-form-control wpcf7-text\" aria-invalid=\"false\" \/><\/span> <\/label><\/p>\n<p><label> Your message<br \/>\n    <span class=\"wpcf7-form-control-wrap your-message\"><textarea name=\"your-message\" cols=\"40\" rows=\"10\" class=\"wpcf7-form-control wpcf7-textarea\" aria-invalid=\"false\"><\/textarea><\/span> <\/label><\/p>\n\n<p><input type=\"submit\" value=\"Send\" class=\"wpcf7-form-control has-spinner wpcf7-submit\" \/><\/p>\n<p style=\"display: none !important;\" class=\"akismet-fields-container\" data-prefix=\"_wpcf7_ak_\"><label>&#916;<textarea name=\"_wpcf7_ak_hp_textarea\" cols=\"45\" rows=\"8\" maxlength=\"100\"><\/textarea><\/label><input type=\"hidden\" id=\"ak_js_1\" name=\"_wpcf7_ak_js\" value=\"69\"\/><script>document.getElementById( \"ak_js_1\" ).setAttribute( \"value\", ( new Date() ).getTime() );<\/script><\/p><div class=\"wpcf7-response-output\" aria-hidden=\"true\"><\/div><input type=\"hidden\" name=\"trp-form-language\" value=\"en\"\/><\/form><\/div><\/div>\n<\/div>\n<\/div>\n<\/div>\n<\/div>\n<\/div>\n<div  id=\"portfolio-3\" style=\"background-color: rgb(245, 250, 253); background-image: none;\" data-label=\"Portfolio\" data-id=\"portfolio-4\" data-export-id=\"portfolio-4\" data-category=\"portfolio\" class=\"portfolio-4 content-section content-section-spacing-top\">\n<div  class=\"\">\n<div  class=\"row text-center\">\n<div  class=\"section-title-col\" data-type=\"column\">\n<h2  class=\"\">Pictorial Toulouse<\/h2>\n<p  class=\"lead\">Some of our favorite views<\/p>\n<\/div>\n<\/div>\n<div  data-type=\"row\" class=\"row\">\n<div  class=\"col-xs-12 col-sm-3 no-gutter-col\">\n<div  class=\"contentswap-effect\" data-hover-fx=\"portfolio-4\">\n<div  class=\"initial-image\"> <img  data-size=\"542x360\" src=\"https:\/\/toulousegreeters.fr\/wp-content\/uploads\/2017\/11\/cropped-unnamed.jpg\"> <\/div>\n<div  class=\"overlay bg-color1\"><\/div>\n<div  class=\"swap-inner col-xs-12\">\n<div  class=\"row full-height-row middle-xs middle-sm\">\n<div  class=\"col-xs-12 text-center content-holder\"> <a href=\"#\" target=\"_self\" rel=\"noopener noreferrer\"><i  class=\"fa icon portfolio-icon fa-search big\" aria-hidden=\"true\"><\/i><\/a> <\/div>\n<\/div>\n<\/div>\n<\/div>\n<\/div>\n<div  class=\"col-xs-12 col-sm-3 no-gutter-col\">\n<div  class=\"contentswap-effect\" data-hover-fx=\"portfolio-4\">\n<div  class=\"initial-image\"> <img  data-size=\"542x360\" src=\"https:\/\/toulousegreeters.fr\/wp-content\/uploads\/2017\/11\/cropped-Basilique-Saint-Sernin-Joseph-Hilfiger.-.jpg\"> <\/div>\n<div  class=\"overlay bg-color1\"><\/div>\n<div  class=\"swap-inner col-xs-12\">\n<div  class=\"row full-height-row middle-xs middle-sm\">\n<div  class=\"col-xs-12 text-center content-holder\"> <a href=\"#\" target=\"_self\" rel=\"noopener noreferrer\"><i  class=\"fa icon portfolio-icon fa-search big\" aria-hidden=\"true\"><\/i><\/a> <\/div>\n<\/div>\n<\/div>\n<\/div>\n<\/div>\n<div  class=\"col-xs-12 col-sm-3 no-gutter-col\">\n<div  class=\"contentswap-effect\" data-hover-fx=\"portfolio-4\">\n<div  class=\"initial-image\"> <img  data-size=\"542x360\" src=\"https:\/\/toulousegreeters.fr\/wp-content\/uploads\/2017\/11\/cropped-place-du-capitole-a-toulouse-france-36875309.jpg\"> <\/div>\n<div  class=\"overlay bg-color1\"><\/div>\n<div  class=\"swap-inner col-xs-12\">\n<div  class=\"row full-height-row middle-xs middle-sm\">\n<div  class=\"col-xs-12 text-center content-holder\"> <a href=\"#\" target=\"_self\" rel=\"noopener noreferrer\"><i  class=\"fa icon portfolio-icon fa-search big\" aria-hidden=\"true\"><\/i><\/a> <\/div>\n<\/div>\n<\/div>\n<\/div>\n<\/div>\n<div  class=\"col-xs-12 col-sm-3 no-gutter-col\">\n<div  class=\"contentswap-effect\" data-hover-fx=\"portfolio-4\">\n<div  class=\"initial-image\"> <img  data-size=\"542x360\" src=\"https:\/\/toulousegreeters.fr\/wp-content\/uploads\/2019\/07\/cropped-toulouse.jpg\"> <\/div>\n<div  class=\"overlay bg-color1\"><\/div>\n<div  class=\"swap-inner col-xs-12\">\n<div  class=\"row full-height-row middle-xs middle-sm\">\n<div  class=\"col-xs-12 text-center content-holder\"> <a href=\"#\" target=\"_self\" rel=\"noopener noreferrer\"><i  class=\"fa icon portfolio-icon fa-search big\" aria-hidden=\"true\"><\/i><\/a> <\/div>\n<\/div>\n<\/div>\n<\/div>\n<\/div>\n<\/div>\n<\/div>\n<\/div>","protected":false},"excerpt":{"rendered":"<p>JE VISITE Hors des sentiers battus de Toulouse, un Greeter te fera d\u00e9couvrir \u00ab&nbsp;sa&nbsp;\u00bb ville, ce qu\u2019il y aime JE PARTICIPE Tu es toulousain, tu veux partager ta vision de la ville ? Rejoins-nous ! J\u2019AI VISIT\u00c9 Raconte ton exp\u00e9rience avec ton Greeter, lis les r\u00e9cits de balade pr\u00e9c\u00e9dents Nos infos Voir tous les articles&hellip; <br \/> <a class=\"read-more\" href=\"https:\/\/toulousegreeters.fr\/en\/2022\/03\/ombres-blanches-accueille-les-greeters\/\">Read more<\/a><\/p>","protected":false},"author":1,"featured_media":0,"parent":0,"menu_order":0,"comment_status":"closed","ping_status":"closed","template":"page-templates\/homepage.php","meta":[],"aioseo_notices":[],"_links":{"self":[{"href":"https:\/\/toulousegreeters.fr\/en\/wp-json\/wp\/v2\/pages\/136"}],"collection":[{"href":"https:\/\/toulousegreeters.fr\/en\/wp-json\/wp\/v2\/pages"}],"about":[{"href":"https:\/\/toulousegreeters.fr\/en\/wp-json\/wp\/v2\/types\/page"}],"author":[{"embeddable":true,"href":"https:\/\/toulousegreeters.fr\/en\/wp-json\/wp\/v2\/users\/1"}],"replies":[{"embeddable":true,"href":"https:\/\/toulousegreeters.fr\/en\/wp-json\/wp\/v2\/comments?post=136"}],"version-history":[{"count":0,"href":"https:\/\/toulousegreeters.fr\/en\/wp-json\/wp\/v2\/pages\/136\/revisions"}],"wp:attachment":[{"href":"https:\/\/toulousegreeters.fr\/en\/wp-json\/wp\/v2\/media?parent=136"}],"curies":[{"name":"wp","href":"https:\/\/api.w.org\/{rel}","templated":true}]}}