{"id":5,"date":"2017-11-26T20:47:52","date_gmt":"2017-11-26T19:47:52","guid":{"rendered":"http:\/\/toulousegreeters.org\/?page_id=5"},"modified":"2023-07-19T18:58:44","modified_gmt":"2023-07-19T16:58:44","slug":"decouvrir-toulouse-avec-un-greeter","status":"publish","type":"page","link":"https:\/\/toulousegreeters.fr\/en\/decouvrir-toulouse-avec-un-greeter\/","title":{"rendered":"Concept"},"content":{"rendered":"<p><\/p>\n<p>One cannot possibly know someone curious enough in every city. Should you be on the lookout for photo-prone streets, a tea salon enthusiast, or leading a pack of curious travelers, a greeter will take you on a hike through Toulouse as a friend would, but better !<\/p>\n<p>You'll meet a great person : Greeters are passionate about their city and meeting other people.<br \/>They volunteer to share their view on Toulouse with people from all over the world : you'll be living an alternate experience from far away !<\/p>\n<h3>A welcoming tradition<\/h3>\n<p>A Greeter is the one who greets. This concept was born in New York, and you can now experience this all over the planet, including in Toulouse.<\/p>\n<p>You will discover places even the hardcore travelers don't even know !<\/p>\n<p>The Toulouse Greeter project is rich of surprises, and helps visitors find alternate and cultural practices in the Pink City.<\/p>\n<p>You will share a worldwide philosophy ! This is a planetary network, destinations offered by <a href=\"https:\/\/internationalgreeter.org\/\">IGA<\/a> all share the same fundamental values, making the world a better place.<\/p>\n<p>Your micro adventure is just one click away : try it out !<\/p>\n<h3>Helping us<\/h3>\n<p>This is a freewill, non-profit adventure ; you can help us with a donation, even small.<\/p>\n<div class=\"paypal-button\"><style>\r\n        .wpedon-container .wpedon-select,\r\n        .wpedon-container .wpedon-input {\r\n            width: 86px;\r\n            min-width: 86px;\r\n            max-width: 86px;\r\n        }\r\n    <\/style><div class='wpedon-container wpedon-align-left'><label id='wpedon-334-name-label'>Toulouse Greeters<\/label><br \/><form target='_blank' action='https:\/\/www.paypal.com\/cgi-bin\/webscr' method='post' class='wpedon-form'><input type='hidden' name='cmd' value='_donations' \/><input type='hidden' name='business' value='toulousegreeters@gmail.com' \/><input type='hidden' name='currency_code' value='EUR' \/><input type='hidden' name='notify_url' value='https:\/\/toulousegreeters.fr\/wp-admin\/admin-post.php?action=add_wpedon_button_ipn'><input type='hidden' name='lc' value='fr_CA'><input type='hidden' name='bn' value='WPPlugin_SP'><input type='hidden' name='return' value='https:\/\/twitter.com\/ToulouseGreeter' \/><input type='hidden' name='cancel_return' value='' \/><input class='wpedon_paypalbuttonimage' type='image' src='https:\/\/www.paypal.com\/fr_CA\/i\/btn\/btn_donate_SM.gif' border='0' name='submit' alt='Make your payments with PayPal. It is free, secure, effective.' style='border: none;'><img alt='' border='0' style='border:none;display:none;' src='https:\/\/www.paypal.com\/en_US\/i\/scr\/pixel.gif' width='1' height='1'><input type='hidden' name='amount' id='amount_1840fa6547e23e23b17634cf7a702ea5' value='' \/><input type='hidden' name='price' id='price_1840fa6547e23e23b17634cf7a702ea5' value='' \/><input type='hidden' name='item_number' value='' \/><input type='hidden' name='item_name' value='Toulouse Greeters' \/><input type='hidden' name='name' value='Toulouse Greeters' \/><input type='hidden' name='custom' value='334'><input type='hidden' name='no_shipping' value='0'><input type='hidden' name='no_note' value='0'><input type='hidden' name='currency_code' value='EUR'><\/form><\/div><\/div>\n<p>The association named <i>Toulouse Greeters<\/i> being recognised as a not-for-profit organisation, it is allowed to emit tax receipts. If you are paying income tax in France, we will be able to provide you with such a receipt for donations of 5 euros or more. <b>To allow for creation of such a receipt<\/b>, you have to provide a postal address when completing the donation process.<\/p>\n<p>Thanks in advance !<\/p>\n<p>To know more : <a href=\"https:\/\/www.impots.gouv.fr\/portail\/particulier\/questions\/jai-fait-des-dons-une-association-que-puis-je-deduire\">donating to associations<\/a> (impots.gouv.fr : text in French). You may also check out the infographic below. 100\u20ac donated will enable a direct tax deduction of 66\u20ac over your total French income tax.\n\nIf you do not pay income tax in France, we will not be able to provide you with a tax deduction, but still welcome any donation !<\/p>\n<p><\/p>\n<p><\/p>\n<div class=\"wp-block-image\">\n<figure class=\"aligncenter\"><img loading=\"lazy\" width=\"431\" height=\"342\" src=\"https:\/\/toulousegreeters.fr\/wp-content\/uploads\/2019\/08\/studiov2-infographie-don.jpg\" alt=\"\" class=\"wp-image-472\" srcset=\"https:\/\/toulousegreeters.fr\/wp-content\/uploads\/2019\/08\/studiov2-infographie-don.jpg 431w, https:\/\/toulousegreeters.fr\/wp-content\/uploads\/2019\/08\/studiov2-infographie-don-300x238.jpg 300w\" sizes=\"(max-width: 431px) 100vw, 431px\" \/><figcaption>How tax deduction works ; given example with a donation amounting to 100\u20ac.<br \/>Infographics : <a href=\"http:\/\/www.studio-v2.com\">studio.v2<\/a> via <a href=\"http:\/\/www.leparisien.fr\/economie\/votre-argent\/faire-un-don-c-est-aussi-reduire-ses-impots-03-10-2016-6169743.php\">Le Parisien<\/a><\/figcaption><\/figure>\n<\/div>\n<p><\/p>\n<p><\/p>\n<p><strong><a href=\"http:\/\/bit.ly\/ToulouseGreetersDemande\" target=\"_blank\" rel=\"noopener\" title=\"\">demander une balade de Toulouse avec un Greeter<\/a><\/strong><\/p>\n<p><\/p>","protected":false},"excerpt":{"rendered":"<p>On ne peut pas avoir des amis curieux dans tous les ports\u2026 Mais que tu sois chercheur de ruelles photog\u00e9niques, une passionn\u00e9e de salon de th\u00e9, ou \u00e0 la t\u00eate d\u2019une tribu de petits voyageurs curieux, un greeter t\u2019embarquera dans une vir\u00e9e toulousaine comme un ami en mieux ! Tu rencontreras une belle personne !&hellip; <br \/> <a class=\"read-more\" href=\"https:\/\/toulousegreeters.fr\/en\/decouvrir-toulouse-avec-un-greeter\/\">Read more<\/a><\/p>","protected":false},"author":3,"featured_media":0,"parent":0,"menu_order":0,"comment_status":"closed","ping_status":"closed","template":"","meta":[],"aioseo_notices":[],"_links":{"self":[{"href":"https:\/\/toulousegreeters.fr\/en\/wp-json\/wp\/v2\/pages\/5"}],"collection":[{"href":"https:\/\/toulousegreeters.fr\/en\/wp-json\/wp\/v2\/pages"}],"about":[{"href":"https:\/\/toulousegreeters.fr\/en\/wp-json\/wp\/v2\/types\/page"}],"author":[{"embeddable":true,"href":"https:\/\/toulousegreeters.fr\/en\/wp-json\/wp\/v2\/users\/3"}],"replies":[{"embeddable":true,"href":"https:\/\/toulousegreeters.fr\/en\/wp-json\/wp\/v2\/comments?post=5"}],"version-history":[{"count":0,"href":"https:\/\/toulousegreeters.fr\/en\/wp-json\/wp\/v2\/pages\/5\/revisions"}],"wp:attachment":[{"href":"https:\/\/toulousegreeters.fr\/en\/wp-json\/wp\/v2\/media?parent=5"}],"curies":[{"name":"wp","href":"https:\/\/api.w.org\/{rel}","templated":true}]}}