{"id":871,"date":"2023-07-20T18:57:48","date_gmt":"2023-07-20T16:57:48","guid":{"rendered":"https:\/\/toulousegreeters.fr\/?page_id=871"},"modified":"2023-08-01T20:01:24","modified_gmt":"2023-08-01T18:01:24","slug":"que-faire-a-toulouse","status":"publish","type":"page","link":"https:\/\/toulousegreeters.fr\/en\/que-faire-a-toulouse\/","title":{"rendered":"Que faire \u00e0 Toulouse?"},"content":{"rendered":"<p><\/p>\n<p>Que voir \u00e0 Toulouse? Que faire \u00e0 Toulouse?<\/p>\n<p><\/p>\n<p><\/p>\n<p>La ville rose est une vieille ville, Toulouse regorge d&rsquo;\u00e9glises, de monuments, d&rsquo;h\u00f4tels particuliers et de coins charmants. Il y en a pour tous les gouts!<\/p>\n<p><\/p>\n<p><\/p>\n<p>Une solution est de faire confiance \u00e0 un <strong><a href=\"https:\/\/toulousegreeters.fr\/en\/greeters-pour-visiter-toulouse-hors-des-sentiers-battus\/\" title=\"\">Greeter <\/a><\/strong>qui se chargera de vous guider dans Toulouse tout en s&rsquo;adaptant \u00e0 vos centres d&rsquo;int\u00e9r\u00eat.<\/p>\n<p><\/p>\n<p><\/p>\n<p class=\"has-text-align-center\"><img loading=\"lazy\" width=\"1500\" height=\"2000\" class=\"wp-image-955\" style=\"width: 600px;\" src=\"https:\/\/toulousegreeters.fr\/wp-content\/uploads\/2023\/08\/WhatsApp-Image-2023-05-10-at-08.30.22.jpeg\" alt=\"Toulouse hors des sentiers battus\" srcset=\"https:\/\/toulousegreeters.fr\/wp-content\/uploads\/2023\/08\/WhatsApp-Image-2023-05-10-at-08.30.22.jpeg 1500w, https:\/\/toulousegreeters.fr\/wp-content\/uploads\/2023\/08\/WhatsApp-Image-2023-05-10-at-08.30.22-225x300.jpeg 225w, https:\/\/toulousegreeters.fr\/wp-content\/uploads\/2023\/08\/WhatsApp-Image-2023-05-10-at-08.30.22-768x1024.jpeg 768w, https:\/\/toulousegreeters.fr\/wp-content\/uploads\/2023\/08\/WhatsApp-Image-2023-05-10-at-08.30.22-1152x1536.jpeg 1152w, https:\/\/toulousegreeters.fr\/wp-content\/uploads\/2023\/08\/WhatsApp-Image-2023-05-10-at-08.30.22-9x12.jpeg 9w, https:\/\/toulousegreeters.fr\/wp-content\/uploads\/2023\/08\/WhatsApp-Image-2023-05-10-at-08.30.22-1024x1365.jpeg 1024w, https:\/\/toulousegreeters.fr\/wp-content\/uploads\/2023\/08\/WhatsApp-Image-2023-05-10-at-08.30.22-810x1080.jpeg 810w\" sizes=\"(max-width: 1500px) 100vw, 1500px\" \/><\/p>\n<p><\/p>\n<p><\/p>\n<p>Essayez,<a href=\"http:\/\/bit.ly\/ToulouseGreetersDemande\" target=\"_blank\" rel=\"noopener\" title=\"\"> <strong>r\u00e9server votre balade dans Toulouse<\/strong><\/a>&#8230;<\/p>\n<p><\/p>","protected":false},"excerpt":{"rendered":"<p>Que voir \u00e0 Toulouse? Que faire \u00e0 Toulouse? La ville rose est une vieille ville, Toulouse regorge d&rsquo;\u00e9glises, de monuments, d&rsquo;h\u00f4tels particuliers et de coins charmants. Il y en a pour tous les gouts! Une solution est de faire confiance \u00e0 un Greeter qui se chargera de vous guider dans Toulouse tout en s&rsquo;adaptant \u00e0&hellip; <br \/> <a class=\"read-more\" href=\"https:\/\/toulousegreeters.fr\/en\/que-faire-a-toulouse\/\">Read more<\/a><\/p>","protected":false},"author":1,"featured_media":0,"parent":0,"menu_order":0,"comment_status":"closed","ping_status":"closed","template":"","meta":[],"aioseo_notices":[],"_links":{"self":[{"href":"https:\/\/toulousegreeters.fr\/en\/wp-json\/wp\/v2\/pages\/871"}],"collection":[{"href":"https:\/\/toulousegreeters.fr\/en\/wp-json\/wp\/v2\/pages"}],"about":[{"href":"https:\/\/toulousegreeters.fr\/en\/wp-json\/wp\/v2\/types\/page"}],"author":[{"embeddable":true,"href":"https:\/\/toulousegreeters.fr\/en\/wp-json\/wp\/v2\/users\/1"}],"replies":[{"embeddable":true,"href":"https:\/\/toulousegreeters.fr\/en\/wp-json\/wp\/v2\/comments?post=871"}],"version-history":[{"count":0,"href":"https:\/\/toulousegreeters.fr\/en\/wp-json\/wp\/v2\/pages\/871\/revisions"}],"wp:attachment":[{"href":"https:\/\/toulousegreeters.fr\/en\/wp-json\/wp\/v2\/media?parent=871"}],"curies":[{"name":"wp","href":"https:\/\/api.w.org\/{rel}","templated":true}]}}