{"id":898,"date":"2023-07-21T18:38:04","date_gmt":"2023-07-21T16:38:04","guid":{"rendered":"https:\/\/toulousegreeters.fr\/?page_id=898"},"modified":"2023-07-23T16:20:21","modified_gmt":"2023-07-23T14:20:21","slug":"escapade-a-toulouse","status":"publish","type":"page","link":"https:\/\/toulousegreeters.fr\/en\/escapade-a-toulouse\/","title":{"rendered":"Escapade \u00e0 Toulouse"},"content":{"rendered":"<p><\/p>\n<p>Vous avez d\u00e9cid\u00e9 de vous \u00e9vader le temps d&rsquo;un weekend et de vous offrir une <strong>escapade \u00e0 Toulouse<\/strong>? Excellente id\u00e9e! Il reste \u00e0 la mettre en pratique et surtout \u00e0 profit!<\/p>\n<p><\/p>\n<p><\/p>\n<p>Les Greeters de Toulouse peuvent vous aider \u00e0 <strong>d\u00e9couvrir la ville rose<\/strong>. En effet, ils peuvent aussi vous faire des suggestions sur les alentours, les bon petits restaurants, les guinguettes etc.<\/p>\n<p><\/p>\n<p><\/p>\n<p>Pour les mus\u00e9es et monuments, vous pouvez toujours compter sur les guides professionnels de l&rsquo;<a href=\"https:\/\/twitter.com\/VisitezToulouse\" target=\"_blank\" rel=\"noopener\" title=\"\">Office de Tourisme de Toulouse. <\/a> Pour le reste, formulez vos d\u00e9sirs via le <a href=\"http:\/\/bit.ly\/ToulouseGreetersDemande\" target=\"_blank\" rel=\"noopener\" title=\"\">formulaire de demande de balade<\/a> et indiquez vos horaires, vos centres d&rsquo;int\u00e9r\u00eat et vous pouvez m\u00eame manifester une pr\u00e9f\u00e9rence pour <a href=\"https:\/\/toulousegreeters.fr\/en\/greeters-pour-visiter-toulouse-hors-des-sentiers-battus\/\" target=\"_blank\" rel=\"noopener\" title=\"un Greeter en particulier\">un Greeter en particulier<\/a>!<\/p>\n<p><\/p>\n<p><\/p>\n<div class=\"wp-block-image\">\n<figure class=\"aligncenter size-full\"><img loading=\"lazy\" width=\"417\" height=\"417\" src=\"https:\/\/toulousegreeters.fr\/wp-content\/uploads\/2022\/08\/chloeq.jpg\" alt=\"Chlo\u00e9 Greeter Toulouse pour vous accompagner en balade\" class=\"wp-image-720\" srcset=\"https:\/\/toulousegreeters.fr\/wp-content\/uploads\/2022\/08\/chloeq.jpg 417w, https:\/\/toulousegreeters.fr\/wp-content\/uploads\/2022\/08\/chloeq-300x300.jpg 300w, https:\/\/toulousegreeters.fr\/wp-content\/uploads\/2022\/08\/chloeq-150x150.jpg 150w, https:\/\/toulousegreeters.fr\/wp-content\/uploads\/2022\/08\/chloeq-12x12.jpg 12w\" sizes=\"(max-width: 417px) 100vw, 417px\" \/><\/figure>\n<\/div>\n<p><\/p>","protected":false},"excerpt":{"rendered":"<p>Vous avez d\u00e9cid\u00e9 de vous \u00e9vader le temps d&rsquo;un weekend et de vous offrir une escapade \u00e0 Toulouse? Excellente id\u00e9e! Il reste \u00e0 la mettre en pratique et surtout \u00e0 profit! Les Greeters de Toulouse peuvent vous aider \u00e0 d\u00e9couvrir la ville rose. En effet, ils peuvent aussi vous faire des suggestions sur les alentours,&hellip; <br \/> <a class=\"read-more\" href=\"https:\/\/toulousegreeters.fr\/en\/escapade-a-toulouse\/\">Read more<\/a><\/p>","protected":false},"author":1,"featured_media":0,"parent":0,"menu_order":0,"comment_status":"closed","ping_status":"closed","template":"","meta":[],"aioseo_notices":[],"_links":{"self":[{"href":"https:\/\/toulousegreeters.fr\/en\/wp-json\/wp\/v2\/pages\/898"}],"collection":[{"href":"https:\/\/toulousegreeters.fr\/en\/wp-json\/wp\/v2\/pages"}],"about":[{"href":"https:\/\/toulousegreeters.fr\/en\/wp-json\/wp\/v2\/types\/page"}],"author":[{"embeddable":true,"href":"https:\/\/toulousegreeters.fr\/en\/wp-json\/wp\/v2\/users\/1"}],"replies":[{"embeddable":true,"href":"https:\/\/toulousegreeters.fr\/en\/wp-json\/wp\/v2\/comments?post=898"}],"version-history":[{"count":0,"href":"https:\/\/toulousegreeters.fr\/en\/wp-json\/wp\/v2\/pages\/898\/revisions"}],"wp:attachment":[{"href":"https:\/\/toulousegreeters.fr\/en\/wp-json\/wp\/v2\/media?parent=898"}],"curies":[{"name":"wp","href":"https:\/\/api.w.org\/{rel}","templated":true}]}}