{"id":9,"date":"2017-11-26T20:50:11","date_gmt":"2017-11-26T19:50:11","guid":{"rendered":"http:\/\/toulousegreeters.org\/?page_id=9"},"modified":"2024-08-22T10:54:34","modified_gmt":"2024-08-22T08:54:34","slug":"deviens-greeter","status":"publish","type":"page","link":"https:\/\/toulousegreeters.fr\/en\/deviens-greeter\/","title":{"rendered":"Become a Greeter"},"content":{"rendered":"<p>Tu es de Toulouse, de naissance ou depuis peu ?<br \/>\nTu aimes la Ville Rose et adorerais la faire d\u00e9couvrir ?<br \/>\nTu veux partager tes passions et coups de c\u0153ur toulousains avec des personnes venant du monde entier ?<br \/>\nAlors rejoins-nous et deviens <em><strong>Greeter de Toulouse<\/strong><\/em> !<br \/>\nNous te proposons une rencontre autour d&rsquo;un verre pour faire connaissance, parler de tes activit\u00e9s, tes centres d\u2019int\u00e9r\u00eat et r\u00e9pondre \u00e0 toutes les questions que tu peux te poser sur l\u2019Association <em><strong>Toulouse Greeters<\/strong><\/em>.<\/p>\n<p>Envoie-nous un message (toulousegreeters at gmail.com) et nous te recontacterons au plus vite pour te fixer rendez-vous \u00e0 ta convenance.<\/p>\n<p>\u00c0 bient\u00f4t au sein de notre \u00e9quipe !<\/p>\n<p>Nos valeurs sont port\u00e9es par la Charte Toulouse Greeters (lien ci-dessous). Bonne lecture !<br \/>\n<a href=\"https:\/\/toulousegreeters.fr\/wp-content\/uploads\/2024\/08\/Charte-Toulouse-Greeters-sans-logo.pdf\">Lire la charte<\/a><\/p>","protected":false},"excerpt":{"rendered":"<p>Tu es de Toulouse, de naissance ou depuis peu ? Tu aimes la Ville Rose et adorerais la faire d\u00e9couvrir ? Tu veux partager tes passions et coups de c\u0153ur toulousains avec des personnes venant du monde entier ? Alors rejoins-nous et deviens Greeter de Toulouse ! Nous te proposons une rencontre autour d&rsquo;un verre&hellip; <br \/> <a class=\"read-more\" href=\"https:\/\/toulousegreeters.fr\/en\/deviens-greeter\/\">Read more<\/a><\/p>","protected":false},"author":3,"featured_media":0,"parent":0,"menu_order":0,"comment_status":"closed","ping_status":"closed","template":"","meta":[],"aioseo_notices":[],"_links":{"self":[{"href":"https:\/\/toulousegreeters.fr\/en\/wp-json\/wp\/v2\/pages\/9"}],"collection":[{"href":"https:\/\/toulousegreeters.fr\/en\/wp-json\/wp\/v2\/pages"}],"about":[{"href":"https:\/\/toulousegreeters.fr\/en\/wp-json\/wp\/v2\/types\/page"}],"author":[{"embeddable":true,"href":"https:\/\/toulousegreeters.fr\/en\/wp-json\/wp\/v2\/users\/3"}],"replies":[{"embeddable":true,"href":"https:\/\/toulousegreeters.fr\/en\/wp-json\/wp\/v2\/comments?post=9"}],"version-history":[{"count":0,"href":"https:\/\/toulousegreeters.fr\/en\/wp-json\/wp\/v2\/pages\/9\/revisions"}],"wp:attachment":[{"href":"https:\/\/toulousegreeters.fr\/en\/wp-json\/wp\/v2\/media?parent=9"}],"curies":[{"name":"wp","href":"https:\/\/api.w.org\/{rel}","templated":true}]}}