{"id":964,"date":"2023-09-20T13:00:57","date_gmt":"2023-09-20T11:00:57","guid":{"rendered":"https:\/\/toulousegreeters.fr\/?page_id=964"},"modified":"2024-08-31T09:03:10","modified_gmt":"2024-08-31T07:03:10","slug":"toulouse-greeters-dans-les-medias","status":"publish","type":"page","link":"https:\/\/toulousegreeters.fr\/en\/toulouse-greeters-dans-les-medias\/","title":{"rendered":"Toulouse Greeters dans les m\u00e9dias"},"content":{"rendered":"<p><\/p>\n<h2> <\/h2>\n<p><\/p>\n<p><\/p>\n<h2> <strong>Toulouse Greeters sur France 2 TV (ao\u00fbt2024):<\/strong>  <\/h2>\n<p><\/p>\n<p><\/p>\n<figure class=\"wp-block-image size-full is-resized\"><a href=\"https:\/\/www.youtube.com\/watch?v=UDipMj-vREw\" target=\"_blank\" rel=\"noopener\"><img loading=\"lazy\" src=\"https:\/\/toulousegreeters.fr\/wp-content\/uploads\/2024\/08\/france-2-13h.jpg\" alt=\"\" class=\"wp-image-1092\" width=\"166\" height=\"145\" srcset=\"https:\/\/toulousegreeters.fr\/wp-content\/uploads\/2024\/08\/france-2-13h.jpg 485w, https:\/\/toulousegreeters.fr\/wp-content\/uploads\/2024\/08\/france-2-13h-300x263.jpg 300w, https:\/\/toulousegreeters.fr\/wp-content\/uploads\/2024\/08\/france-2-13h-14x12.jpg 14w\" sizes=\"(max-width: 166px) 100vw, 166px\" \/><\/a><figcaption><strong>(clic sur logo France 2 pour d\u00e9marrer la vid\u00e9o)<\/strong><\/figcaption><\/figure>\n<p><\/p>\n<p><\/p>\n<p><\/p>\n<p><\/p>\n<h2><strong>Toulouse Greeters sur France 3 TV (septembre 2023):<\/strong>  <\/h2>\n<p><\/p>\n<p><\/p>\n<figure class=\"wp-block-image size-full is-resized\"><a href=\"https:\/\/youtu.be\/E34cIw34ylc\" target=\"_blank\" rel=\"noopener\"><img loading=\"lazy\" src=\"https:\/\/toulousegreeters.fr\/wp-content\/uploads\/2023\/09\/France3.jpg\" alt=\"Toulouse Greeters sur France 3 TV\" class=\"wp-image-1009\" width=\"149\" height=\"133\" srcset=\"https:\/\/toulousegreeters.fr\/wp-content\/uploads\/2023\/09\/France3.jpg 689w, https:\/\/toulousegreeters.fr\/wp-content\/uploads\/2023\/09\/France3-300x267.jpg 300w, https:\/\/toulousegreeters.fr\/wp-content\/uploads\/2023\/09\/France3-13x12.jpg 13w\" sizes=\"(max-width: 149px) 100vw, 149px\" \/><\/a><figcaption><strong>(clic sur logo France 3 pour d\u00e9marrer la vid\u00e9o)<\/strong><\/figcaption><\/figure>\n<p><\/p>\n<p><\/p>\n<p><\/p>\n<p><\/p>\n<h2><span class=\"has-inline-color has-black-color\"> <strong>Toulouse Greeters chez Radio Nostalgie (septembre 2023):<\/strong> <\/span><\/h2>\n<p><\/p>\n<p><\/p>\n<p><a href=\"https:\/\/toulousegreeters.fr\/wp-content\/uploads\/2023\/09\/radio-nostalgie-greeters-2.mp3\" title=\"\"><img loading=\"lazy\" width=\"225\" height=\"225\" class=\"wp-image-969\" style=\"width: 150px;\" src=\"https:\/\/toulousegreeters.fr\/wp-content\/uploads\/2023\/09\/logo-nostalgie.png\" alt=\"Toulouse Greeters Radio Nostalgie\" srcset=\"https:\/\/toulousegreeters.fr\/wp-content\/uploads\/2023\/09\/logo-nostalgie.png 225w, https:\/\/toulousegreeters.fr\/wp-content\/uploads\/2023\/09\/logo-nostalgie-150x150.png 150w, https:\/\/toulousegreeters.fr\/wp-content\/uploads\/2023\/09\/logo-nostalgie-12x12.png 12w\" sizes=\"(max-width: 225px) 100vw, 225px\" \/><\/a> (D\u00e9marre \u00e0 1 minute 58 secondes)<\/p>\n<p><\/p>\n<p><\/p>\n<h2><strong>Toulouse Greeters sur France Bleu (juin 2013)<\/strong><\/h2>\n<p><\/p>\n<p><\/p>\n<figure class=\"wp-block-image size-full is-resized\"><a href=\"https:\/\/www.francebleu.fr\/les-infos-de-18h-sur-france-bleu-toulouse-24-06-13-1372097086\"><img loading=\"lazy\" src=\"https:\/\/toulousegreeters.fr\/wp-content\/uploads\/2023\/10\/France-Bleu.jpg\" alt=\"\" class=\"wp-image-1013\" width=\"153\" height=\"153\" srcset=\"https:\/\/toulousegreeters.fr\/wp-content\/uploads\/2023\/10\/France-Bleu.jpg 400w, https:\/\/toulousegreeters.fr\/wp-content\/uploads\/2023\/10\/France-Bleu-300x300.jpg 300w, https:\/\/toulousegreeters.fr\/wp-content\/uploads\/2023\/10\/France-Bleu-150x150.jpg 150w, https:\/\/toulousegreeters.fr\/wp-content\/uploads\/2023\/10\/France-Bleu-12x12.jpg 12w\" sizes=\"(max-width: 153px) 100vw, 153px\" \/><\/a><figcaption><a href=\"https:\/\/www.francebleu.fr\/les-infos-de-18h-sur-france-bleu-toulouse-24-06-13-1372097086\" target=\"_blank\" rel=\"noopener\" title=\"\">(D\u00e9marre \u00e0<\/a> <a href=\"https:\/\/www.francebleu.fr\/les-infos-de-18h-sur-france-bleu-toulouse-24-06-13-1372097086\" target=\"_blank\" rel=\"noopener\" title=\"\">3 minutes 28 secondes)<\/a><\/figcaption><\/figure>\n<p><\/p>\n<p><\/p>\n<h2><strong>Toulouse Greeters dans la Presse<\/strong>:<\/h2>\n<p><\/p>\n<p><\/p>\n<figure class=\"wp-block-image size-full is-resized\"><img loading=\"lazy\" src=\"https:\/\/toulousegreeters.fr\/wp-content\/uploads\/2023\/09\/La-Depeche.jpg\" alt=\"\" class=\"wp-image-992\" width=\"67\" height=\"67\" srcset=\"https:\/\/toulousegreeters.fr\/wp-content\/uploads\/2023\/09\/La-Depeche.jpg 400w, https:\/\/toulousegreeters.fr\/wp-content\/uploads\/2023\/09\/La-Depeche-300x300.jpg 300w, https:\/\/toulousegreeters.fr\/wp-content\/uploads\/2023\/09\/La-Depeche-150x150.jpg 150w, https:\/\/toulousegreeters.fr\/wp-content\/uploads\/2023\/09\/La-Depeche-12x12.jpg 12w\" sizes=\"(max-width: 67px) 100vw, 67px\" \/><\/figure>\n<p><\/p>\n<p><\/p>\n<p><a href=\"https:\/\/www.ladepeche.fr\/2024\/08\/15\/aimer-sa-ville-et-la-faire-aimer-cest-la-mission-de-cette-greeter-toulousaine-12142439.php\" target=\"_blank\" rel=\"noopener\" title=\"\">Toulouse. \u00ab\u00a0Aimer sa ville et la faire aimer\u00a0\u00bb, c\u2019est la mission de cette greeter toulousaine<\/a><\/p>\n<p><\/p>\n<p><\/p>\n<p><a href=\"https:\/\/www.ladepeche.fr\/2024\/05\/29\/toulouse-une-visite-guidee-pour-decouvrir-des-anecdotes-liees-aux-sculptures-de-sebastien-langloys-11973665.php\" target=\"_blank\" rel=\"noopener\" title=\"\">L\u2019association des Greeters \u00e0 la d\u00e9couverte des \u0153uvres de S\u00e9bastien Langlo\u00ffs<\/a><\/p>\n<p><\/p>\n<p><\/p>\n<p><a href=\"https:\/\/www.ladepeche.fr\/2023\/08\/15\/a-la-decouverte-de-toulouse-avec-un-greeter-ces-passionnes-qui-aiment-partager-leur-ville-rose-11376565.php\" target=\"_blank\" rel=\"noopener\" title=\"\">\u00c0 la d\u00e9couverte de Toulouse avec un Greeter, ces passionn\u00e9s qui aiment partager \u00ab\u00a0leur\u00a0\u00bb Ville rose<\/a><\/p>\n<p><\/p>\n<p><\/p>\n<p><a href=\"https:\/\/www.ladepeche.fr\/2023\/08\/14\/connaissez-vous-les-petites-histoires-de-la-plus-belle-rue-de-toulouse-11387010.php\" target=\"_blank\" rel=\"noopener\" title=\"\">Connaissez-vous les petites histoires de la plus belle rue de Toulouse ?<\/a><\/p>\n<p><\/p>\n<p><\/p>\n<p><a href=\"https:\/\/www.ladepeche.fr\/2022\/03\/23\/les-greeters-recherchent-des-guides-pour-toulouse-10188172.php\" target=\"_blank\" rel=\"noopener\" title=\"\">Les Greeters recherchent des guides pour Toulouse<\/a><\/p>\n<p><\/p>\n<p><\/p>\n<p><a href=\"https:\/\/www.ladepeche.fr\/article\/2018\/08\/07\/2847804-a-la-decouverte-de-toulouse-avec-les-amis-greeters.html\" target=\"_blank\" rel=\"noopener\" title=\"\">A la d\u00e9couverte de Toulouse avec les amis Greeters<\/a><\/p>\n<p><\/p>\n<p><\/p>\n<p><a href=\"https:\/\/www.ladepeche.fr\/article\/2017\/04\/29\/2565372-les-greeters-prennent-leur-envol-et-se-montent-en-association.html\" target=\"_blank\" rel=\"noopener\" title=\"\">Les Greeters prennent leur envol et se montent en association<\/a><\/p>\n<p><\/p>\n<p><\/p>\n<p><a href=\"https:\/\/www.ladepeche.fr\/article\/2013\/02\/19\/1564366-ces-habitants-qui-font-visiter-leur-toulouse.html\" target=\"_blank\" rel=\"noopener\" title=\"\">Ces habitants qui font visiter leur Toulouse<\/a><\/p>\n<p><\/p>\n<p><\/p>\n<p><a href=\"https:\/\/www.ladepeche.fr\/article\/2013\/10\/04\/1723421-les-greeters-font-sensation-avec-plus-de-20-rencontres.html\" target=\"_blank\" rel=\"noopener\" title=\"\">Les Greeters font sensation avec plus de 20 rencontres<\/a><\/p>\n<p><\/p>\n<p><\/p>\n<p><\/p>\n<p><\/p>\n<figure class=\"wp-block-image size-full is-resized\"><img loading=\"lazy\" src=\"https:\/\/toulousegreeters.fr\/wp-content\/uploads\/2023\/09\/L-Opinio-Independante.jpg\" alt=\"\" class=\"wp-image-991\" width=\"69\" height=\"69\" srcset=\"https:\/\/toulousegreeters.fr\/wp-content\/uploads\/2023\/09\/L-Opinio-Independante.jpg 180w, https:\/\/toulousegreeters.fr\/wp-content\/uploads\/2023\/09\/L-Opinio-Independante-150x150.jpg 150w, https:\/\/toulousegreeters.fr\/wp-content\/uploads\/2023\/09\/L-Opinio-Independante-12x12.jpg 12w\" sizes=\"(max-width: 69px) 100vw, 69px\" \/><\/figure>\n<p><\/p>\n<p><\/p>\n<p><a href=\"https:\/\/lopinion.com\/articles\/art-de-vivre\/12716_toulouse-rencontre-avec-les-greeters-ces-guides-pas-comme-les-autres\" target=\"_blank\" rel=\"noopener\" title=\"\">Toulouse : rencontre avec les greeters, ces guides pas comme les autres<\/a><\/p>\n<p><\/p>\n<p><\/p>\n<figure class=\"wp-block-image size-full is-resized\"><img loading=\"lazy\" src=\"https:\/\/toulousegreeters.fr\/wp-content\/uploads\/2023\/09\/20-minutes.jpg\" alt=\"Toulouse Greeters dans la presse\" class=\"wp-image-989\" width=\"76\" height=\"76\" srcset=\"https:\/\/toulousegreeters.fr\/wp-content\/uploads\/2023\/09\/20-minutes.jpg 346w, https:\/\/toulousegreeters.fr\/wp-content\/uploads\/2023\/09\/20-minutes-300x300.jpg 300w, https:\/\/toulousegreeters.fr\/wp-content\/uploads\/2023\/09\/20-minutes-150x150.jpg 150w, https:\/\/toulousegreeters.fr\/wp-content\/uploads\/2023\/09\/20-minutes-12x12.jpg 12w\" sizes=\"(max-width: 76px) 100vw, 76px\" \/><\/figure>\n<p><\/p>\n<p><\/p>\n<p><a href=\"https:\/\/www.20minutes.fr\/toulouse\/1418133-20140711-20140711-toulouse-greeters-accueillent-touristes-ville-rose-depuis-an\" target=\"_blank\" rel=\"noopener\" title=\"\">Toulouse: Les greeters accueillent les touristes dans la Ville rose depuis un an<\/a><\/p>\n<p><\/p>\n<p><\/p>\n<p><a href=\"https:\/\/www.20minutes.fr\/toulouse\/1179583-20130625-tourisme-mode-alternatif\" target=\"_blank\" rel=\"noopener\" title=\"\">Le tourisme en mode alternatif<\/a><\/p>\n<p><\/p>\n<p><\/p>\n<figure class=\"wp-block-image size-full is-resized\"><img loading=\"lazy\" src=\"https:\/\/toulousegreeters.fr\/wp-content\/uploads\/2023\/09\/Sud-Ouest.jpg\" alt=\"\" class=\"wp-image-1000\" width=\"69\" height=\"69\" srcset=\"https:\/\/toulousegreeters.fr\/wp-content\/uploads\/2023\/09\/Sud-Ouest.jpg 400w, https:\/\/toulousegreeters.fr\/wp-content\/uploads\/2023\/09\/Sud-Ouest-300x300.jpg 300w, https:\/\/toulousegreeters.fr\/wp-content\/uploads\/2023\/09\/Sud-Ouest-150x150.jpg 150w, https:\/\/toulousegreeters.fr\/wp-content\/uploads\/2023\/09\/Sud-Ouest-12x12.jpg 12w\" sizes=\"(max-width: 69px) 100vw, 69px\" \/><\/figure>\n<p><\/p>\n<p><\/p>\n<p><a href=\"https:\/\/www.sudouest.fr\/economie\/tourisme\/pour-la-visite-alternative-suivez-le-guide-benevole-9021203.php\" target=\"_blank\" rel=\"noopener\" title=\"\">Pour la visite alternative, suivez le guide\u2026 b\u00e9n\u00e9vole<\/a><\/p>\n<p><\/p>\n<p><\/p>\n<figure class=\"wp-block-image size-full is-resized\"><img loading=\"lazy\" src=\"https:\/\/toulousegreeters.fr\/wp-content\/uploads\/2023\/09\/Le-Journal-Toulousain.jpg\" alt=\"\" class=\"wp-image-990\" width=\"63\" height=\"63\" srcset=\"https:\/\/toulousegreeters.fr\/wp-content\/uploads\/2023\/09\/Le-Journal-Toulousain.jpg 400w, https:\/\/toulousegreeters.fr\/wp-content\/uploads\/2023\/09\/Le-Journal-Toulousain-300x300.jpg 300w, https:\/\/toulousegreeters.fr\/wp-content\/uploads\/2023\/09\/Le-Journal-Toulousain-150x150.jpg 150w, https:\/\/toulousegreeters.fr\/wp-content\/uploads\/2023\/09\/Le-Journal-Toulousain-12x12.jpg 12w\" sizes=\"(max-width: 63px) 100vw, 63px\" \/><\/figure>\n<p><\/p>\n<p><\/p>\n<p><a href=\"https:\/\/www.lejournaltoulousain.fr\/societe\/avec-les-greeters-decouvrez-le-toulouse-des-autochtones-52046\/\" target=\"_blank\" rel=\"noopener\" title=\"\">Avec les greeters, d\u00e9couvrez le Toulouse des autochtones<\/a><\/p>\n<p><\/p>\n<p><\/p>\n<figure class=\"wp-block-image size-full is-resized\"><img loading=\"lazy\" src=\"https:\/\/toulousegreeters.fr\/wp-content\/uploads\/2023\/09\/la-tribune-toulouse.png\" alt=\"\" class=\"wp-image-994\" width=\"61\" height=\"61\" srcset=\"https:\/\/toulousegreeters.fr\/wp-content\/uploads\/2023\/09\/la-tribune-toulouse.png 300w, https:\/\/toulousegreeters.fr\/wp-content\/uploads\/2023\/09\/la-tribune-toulouse-150x150.png 150w, https:\/\/toulousegreeters.fr\/wp-content\/uploads\/2023\/09\/la-tribune-toulouse-12x12.png 12w\" sizes=\"(max-width: 61px) 100vw, 61px\" \/><\/figure>\n<p><\/p>\n<p><\/p>\n<p><a href=\"https:\/\/toulouse.latribune.fr\/innovation\/sotoulouse-greeters-office-tourisme-23102012\" target=\"_blank\" rel=\"noopener\" title=\"\">Lancement de Toulouse Greeters, nouvelle forme de tourisme alternatif<\/a><\/p>\n<p><\/p>\n<p><\/p>\n<figure class=\"wp-block-image size-full is-resized\"><img loading=\"lazy\" src=\"https:\/\/toulousegreeters.fr\/wp-content\/uploads\/2023\/09\/actu-fr.jpg\" alt=\"\" class=\"wp-image-1006\" width=\"59\" height=\"59\" srcset=\"https:\/\/toulousegreeters.fr\/wp-content\/uploads\/2023\/09\/actu-fr.jpg 400w, https:\/\/toulousegreeters.fr\/wp-content\/uploads\/2023\/09\/actu-fr-300x300.jpg 300w, https:\/\/toulousegreeters.fr\/wp-content\/uploads\/2023\/09\/actu-fr-150x150.jpg 150w, https:\/\/toulousegreeters.fr\/wp-content\/uploads\/2023\/09\/actu-fr-12x12.jpg 12w\" sizes=\"(max-width: 59px) 100vw, 59px\" \/><\/figure>\n<p><\/p>\n<p><\/p>\n<p><a href=\"https:\/\/actu.fr\/occitanie\/toulouse_31555\/tourisme-toulouse-recherche-des-guides-greeters-pour-leuro-2016_3629598.html\" target=\"_blank\" rel=\"noopener\" title=\"\">Tourisme. Toulouse recherche des guides \u00ab greeters \u00bb pour l&rsquo;Euro 2016<\/a><\/p>\n<p><\/p>\n<p><\/p>\n<figure class=\"wp-block-image size-full is-resized\"><img loading=\"lazy\" src=\"https:\/\/toulousegreeters.fr\/wp-content\/uploads\/2023\/09\/le-petit-fute.jpg\" alt=\"\" class=\"wp-image-997\" width=\"62\" height=\"62\" srcset=\"https:\/\/toulousegreeters.fr\/wp-content\/uploads\/2023\/09\/le-petit-fute.jpg 400w, https:\/\/toulousegreeters.fr\/wp-content\/uploads\/2023\/09\/le-petit-fute-300x300.jpg 300w, https:\/\/toulousegreeters.fr\/wp-content\/uploads\/2023\/09\/le-petit-fute-150x150.jpg 150w, https:\/\/toulousegreeters.fr\/wp-content\/uploads\/2023\/09\/le-petit-fute-12x12.jpg 12w\" sizes=\"(max-width: 62px) 100vw, 62px\" \/><\/figure>\n<p><\/p>\n<p><\/p>\n<p><a href=\"https:\/\/www.petitfute.com\/v24565-toulouse-31000\/c1173-visites-points-d-interet\/c1157-visites-guidees\/1346530-toulouse-greeters.html\" target=\"_blank\" rel=\"noopener\" title=\"\">L&rsquo;avis du Petit Fut\u00e9 sur TOULOUSE GREETERS<\/a><\/p>\n<p><\/p>\n<p><\/p>\n<figure class=\"wp-block-image size-full is-resized\"><img loading=\"lazy\" src=\"https:\/\/toulousegreeters.fr\/wp-content\/uploads\/2023\/09\/Grizette.jpg\" alt=\"\" class=\"wp-image-1002\" width=\"60\" height=\"60\" srcset=\"https:\/\/toulousegreeters.fr\/wp-content\/uploads\/2023\/09\/Grizette.jpg 400w, https:\/\/toulousegreeters.fr\/wp-content\/uploads\/2023\/09\/Grizette-300x300.jpg 300w, https:\/\/toulousegreeters.fr\/wp-content\/uploads\/2023\/09\/Grizette-150x150.jpg 150w, https:\/\/toulousegreeters.fr\/wp-content\/uploads\/2023\/09\/Grizette-12x12.jpg 12w\" sizes=\"(max-width: 60px) 100vw, 60px\" \/><\/figure>\n<p><\/p>\n<p><\/p>\n<p><a href=\"https:\/\/www.grizette.com\/decouvrez-toulouse-greeters\/\" target=\"_blank\" rel=\"noopener\" title=\"\">D\u00e9couvrez Toulouse autrement avec les Greeters<\/a><\/p>\n<p><\/p>\n<p><\/p>\n<figure class=\"wp-block-image size-full is-resized\"><img loading=\"lazy\" src=\"https:\/\/toulousegreeters.fr\/wp-content\/uploads\/2023\/10\/Univers-cites.jpg\" alt=\"\" class=\"wp-image-1017\" width=\"62\" height=\"62\" srcset=\"https:\/\/toulousegreeters.fr\/wp-content\/uploads\/2023\/10\/Univers-cites.jpg 290w, https:\/\/toulousegreeters.fr\/wp-content\/uploads\/2023\/10\/Univers-cites-150x150.jpg 150w, https:\/\/toulousegreeters.fr\/wp-content\/uploads\/2023\/10\/Univers-cites-12x12.jpg 12w\" sizes=\"(max-width: 62px) 100vw, 62px\" \/><\/figure>\n<p><\/p>\n<p><\/p>\n<p><a href=\"http:\/\/www.univers-cites.fr\/2018\/03\/31\/toulouse-hors-des-sentiers-battus\/\" target=\"_blank\" rel=\"noopener\" title=\"\">Toulouse hors des sentiers battus<\/a><\/p>\n<p><\/p>\n<p><\/p>\n<p><\/p>\n<p><\/p>\n<p><img class=\"wp-image-966\" style=\"width: NaNpx;\" src=\"https:\/\/toulousegreeters.fr\/wp-content\/uploads\/2023\/09\/radio-nostalgie-greeters.mp3\" alt=\"\"><\/p>\n<p><\/p>","protected":false},"excerpt":{"rendered":"<p>Toulouse Greeters sur France 2 TV (ao\u00fbt2024): Toulouse Greeters sur France 3 TV (septembre 2023): Toulouse Greeters chez Radio Nostalgie (septembre 2023): (D\u00e9marre \u00e0 1 minute 58 secondes) Toulouse Greeters sur France Bleu (juin 2013) Toulouse Greeters dans la Presse: Toulouse. \u00ab\u00a0Aimer sa ville et la faire aimer\u00a0\u00bb, c\u2019est la mission de cette greeter toulousaine&hellip; <br \/> <a class=\"read-more\" href=\"https:\/\/toulousegreeters.fr\/en\/toulouse-greeters-dans-les-medias\/\">Read more<\/a><\/p>","protected":false},"author":1,"featured_media":0,"parent":0,"menu_order":0,"comment_status":"closed","ping_status":"closed","template":"","meta":[],"aioseo_notices":[],"_links":{"self":[{"href":"https:\/\/toulousegreeters.fr\/en\/wp-json\/wp\/v2\/pages\/964"}],"collection":[{"href":"https:\/\/toulousegreeters.fr\/en\/wp-json\/wp\/v2\/pages"}],"about":[{"href":"https:\/\/toulousegreeters.fr\/en\/wp-json\/wp\/v2\/types\/page"}],"author":[{"embeddable":true,"href":"https:\/\/toulousegreeters.fr\/en\/wp-json\/wp\/v2\/users\/1"}],"replies":[{"embeddable":true,"href":"https:\/\/toulousegreeters.fr\/en\/wp-json\/wp\/v2\/comments?post=964"}],"version-history":[{"count":0,"href":"https:\/\/toulousegreeters.fr\/en\/wp-json\/wp\/v2\/pages\/964\/revisions"}],"wp:attachment":[{"href":"https:\/\/toulousegreeters.fr\/en\/wp-json\/wp\/v2\/media?parent=964"}],"curies":[{"name":"wp","href":"https:\/\/api.w.org\/{rel}","templated":true}]}}